{"id":3359,"date":"2024-06-10T13:45:07","date_gmt":"2024-06-10T11:45:07","guid":{"rendered":"https:\/\/anecoop.com\/inicio\/"},"modified":"2026-03-25T15:06:37","modified_gmt":"2026-03-25T14:06:37","slug":"inicio","status":"publish","type":"page","link":"https:\/\/anecoop.com\/fr\/","title":{"rendered":"Accueil"},"content":{"rendered":"\r\n<div id=\"M01-Cabecera-block_e513eb5fac88b82fde39bb5446c23322\" class=\"M01-Cabecera noText\">\r\n    <div class=\"container\">\r\n        <div class=\"row flex-column-reverse flex-lg-row align-items-end\">\r\n            <div data-aos=\"fade-in\" data-aos-duration=\"500\" class=\"col-12 col-lg-10\">\r\n                                            <\/div>\r\n                    <\/div>\r\n\r\n    <\/div>\r\n\r\n            <img decoding=\"async\" class=\"image\" src=\"https:\/\/anecoop.com\/wp-content\/uploads\/2025\/10\/Vi_deo_ParaWeb_50Aniversario_GIF_.gif\" alt=\"\">\r\n    <\/div>\r\n\n\n<article id=\"M02-SalaPrensa-block_217ab071e9a40003174c1a5fce7e4b1b\" class=\"M02-SalaPrensa\"  data-aos=\"fade-up\">\r\n    <div class=\"container\">\r\n        <div class=\"row\">\r\n            <div class=\"col-12\">\r\n                                    <div class=\"titulo\"><h2>Espace m\u00e9dias \/ Fiers de nos r\u00e9ussites<br \/>\n<!--ScriptorEndFragment--><\/h2>\n<\/div>\r\n                \r\n                <div class=\"entradas\">\r\n                                            <!-- Primera entrada - Lado izquierdo -->\r\n                        <div class=\"entrada entrada-principal\">\r\n                            <a href=\"https:\/\/anecoop.com\/fr\/sala-de-prensa\/le-groupe-anecoop-en-fruit-attraction-2019-2-2-2\/\">\r\n                                <div class=\"imagen\" style=\"background-image:url(https:\/\/anecoop.com\/wp-content\/uploads\/2025\/09\/el-grupo-anecoop-en-fruit-attrac-19-1024x576.jpg)\"><\/div>\r\n                                <div class=\"contenido\">\r\n                                    <time class=\"post-date\">\r\n                                        14\/11\/2019                                    <\/time>\r\n                                    <div class=\"contUp\">\r\n                                        <div class=\"titulo\">Le Groupe Anecoop en Fruit Attraction 2019<\/div>\r\n                                        <div class=\"excerpt\"><\/div>\r\n                                    <\/div>\r\n                                    <div class=\"categorias\">\r\n                                                                                                                                                                <\/div>\r\n                                <\/div>\r\n                            <\/a>\r\n                        <\/div>\r\n\r\n                                                    <!-- Contenedor lado derecho -->\r\n                            <div class=\"entradas-derecha\">\r\n                                                                    <!-- Segunda entrada - Horizontal arriba -->\r\n                                    <div class=\"entrada entrada-horizontal\">\r\n                                        <a href=\"https:\/\/anecoop.com\/fr\/sala-de-prensa\/anecoop-presente-la-famille-amatista-les-fresques-de-lete\/\">\r\n                                            <div class=\"imagen\" style=\"background-image:url(https:\/\/anecoop.com\/wp-content\/uploads\/2025\/09\/anecoop-bodegas-presente-la-fami-1-1024x576.jpg)\"><\/div>\r\n                                            <div class=\"contenido\">\r\n                                                <time class=\"post-date\">\r\n                                                    16\/08\/2019                                                <\/time>\r\n                                                <div class=\"contUp\">\r\n                                                    <div class=\"titulo\">Anecoop Bodegas pr\u00e9sente: la famille Amatista, les &#8216;fresques&#8217; de l&#8217;\u00e9t\u00e9<\/div>\r\n                                                    <div class=\"excerpt\"><\/div>\r\n                                                <\/div>\r\n                                                <div class=\"contDown\">\r\n                                                    <div class=\"categorias\">\r\n                                                                                                                                                                                                                                <\/div>\r\n                                                <\/div>\r\n                                            <\/div>\r\n                                        <\/a>\r\n                                    <\/div>\r\n                                \r\n                                                                    <!-- Contenedor para las dos entradas verticales -->\r\n                                    <div class=\"entradas-verticales\">\r\n                                                                                    <div class=\"entrada entrada-vertical\">\r\n                                                <a href=\"https:\/\/anecoop.com\/fr\/sala-de-prensa\/la-pasteque-sans-pepins-bouquet-presente-moments-de-sport-2\/\">\r\n                                                    <div class=\"imagen\" style=\"background-image:url(https:\/\/anecoop.com\/wp-content\/uploads\/2025\/09\/la-pasteque-sans-pepins-bouquet-1-1024x576.jpg)\"><\/div>\r\n                                                    <div class=\"contenido\">\r\n                                                        <time class=\"post-date\">\r\n                                                            01\/07\/2019                                                        <\/time>\r\n                                                        <div class=\"contUp\">\r\n                                                            <div class=\"titulo\">La  past\u00e8que sans p\u00e9pins Bouquet pr\u00e9sente: moments de sport<\/div>\r\n                                                            <div class=\"excerpt\"><\/div>\r\n                                                        <\/div>\r\n                                                        <div class=\"contDown\">\r\n                                                            <div class=\"categorias\">\r\n                                                                                                                                                                                                                                                                <\/div>\r\n                                                        <\/div>\r\n                                                    <\/div>\r\n                                                <\/a>\r\n                                            <\/div>\r\n                                        \r\n                                                                                    <div class=\"entrada entrada-vertical\">\r\n                                                <a href=\"https:\/\/anecoop.com\/fr\/sala-de-prensa\/anecoop-france-presente-la-livraison-de-produits-chez-anecoop\/\">\r\n                                                    <div class=\"imagen\" style=\"background-image:url(https:\/\/anecoop.com\/wp-content\/uploads\/2025\/09\/anecoop-france-presente-la-livra-1-1024x576.jpg)\"><\/div>\r\n                                                    <div class=\"contenido\">\r\n                                                        <time class=\"post-date\">\r\n                                                            14\/11\/2019                                                        <\/time>\r\n                                                        <div class=\"contUp\">\r\n                                                            <div class=\"titulo\">Anecoop France pr\u00e9sente: la livraison de produits chez Anecoop<\/div>\r\n                                                            <div class=\"excerpt\">Textes en fran\u00e7ais. Sous-titres en espagnol, anglais et allemand.<\/div>\r\n                                                        <\/div>\r\n                                                        <div class=\"contDown\">\r\n                                                            <div class=\"categorias\">\r\n                                                                                                                                                                                                                                                                <\/div>\r\n                                                        <\/div>\r\n                                                    <\/div>\r\n                                                <\/a>\r\n                                            <\/div>\r\n                                                                            <\/div>\r\n                                                            <\/div>\r\n                                            \r\n                                            <div class=\"verMas\">\r\n                            <a href=\"https:\/\/anecoop.com\/fr\/espace-medias\/\" class=\"cta green\">Voir plus<\/a>\r\n                        <\/div>\r\n                                    <\/div>\r\n            <\/div>\r\n        <\/div>\r\n    <\/div>\r\n<\/article>\r\n\n\n<article id=\"M03-SomosMas-block_26db87beea1c1134074edbbdc9434204\" class=\"M03-SomosMas\" data-aos=\"fade-up\">\r\n\r\n    <div class=\"container\">\r\n\r\n                    <div class=\"titulo\"><h2>Bien plus qu\u2019une coop\u00e9rative<\/h2>\n<\/div>\r\n        \r\n        <div class=\"tarjetas\">\r\n            <!-- Swiper navigation buttons -->\r\n            <div class=\"swiper-button-prev\" id=\"prev-M03-SomosMas-block_26db87beea1c1134074edbbdc9434204\"><\/div>\r\n            <div class=\"swiper-button-next\" id=\"next-M03-SomosMas-block_26db87beea1c1134074edbbdc9434204\"><\/div>\r\n            \r\n            <div class=\"tarjetas-wrapper swiper\" id=\"swiper-M03-SomosMas-block_26db87beea1c1134074edbbdc9434204\">\r\n                <div class=\"swiper-wrapper\">\r\n                                            <div class=\"tarjeta swiper-slide\">\r\n                                                                                        <a href=\"https:\/\/bouquet.es\/fr\/\"\r\n                                   target=\"_blank\"\r\n                                   title=\"Bouquet\">\r\n                                                                            <div class=\"logo\" style=\"background-image:url('https:\/\/anecoop.com\/wp-content\/uploads\/2025\/09\/HOME-LOGO-BOUQUET.svg');\"><\/div>\r\n                                                                    <\/a>\r\n                            \r\n                        <\/div>\r\n                                            <div class=\"tarjeta swiper-slide\">\r\n                                                                                        <a href=\"https:\/\/bouquet.es\/raciones-de-vida-para-el-campo\/\"\r\n                                   target=\"_blank\"\r\n                                   title=\"Raciones de vida para el campo\">\r\n                                                                            <div class=\"logo\" style=\"background-image:url('https:\/\/anecoop.com\/wp-content\/uploads\/2025\/09\/pin_final-1.png');\"><\/div>\r\n                                                                    <\/a>\r\n                            \r\n                        <\/div>\r\n                                            <div class=\"tarjeta swiper-slide\">\r\n                                                                                        <a href=\"https:\/\/anecoopbodegas.com\/\"\r\n                                   target=\"_blank\"\r\n                                   title=\"Anecoop Bodegas\">\r\n                                                                            <div class=\"logo\" style=\"background-image:url('https:\/\/anecoop.com\/wp-content\/uploads\/2025\/09\/HOME-LOGO-ANECOOP-BODEGAS.svg');\"><\/div>\r\n                                                                    <\/a>\r\n                            \r\n                        <\/div>\r\n                                            <div class=\"tarjeta swiper-slide\">\r\n                                                                                        <a href=\"https:\/\/persimonbouquet.com\/fr\/\"\r\n                                   target=\"_blank\"\r\n                                   title=\"Kaki Bouquet\">\r\n                                                                            <div class=\"logo\" style=\"background-image:url('https:\/\/anecoop.com\/wp-content\/uploads\/2025\/09\/HOME-LOGO-KAKI-BOUQUET.svg');\"><\/div>\r\n                                                                    <\/a>\r\n                            \r\n                        <\/div>\r\n                                            <div class=\"tarjeta swiper-slide\">\r\n                                                                                        <a href=\"https:\/\/sandiasbouquet.es\/\"\r\n                                   target=\"_blank\"\r\n                                   title=\"Sand\u00edas Bouquet\">\r\n                                                                            <div class=\"logo\" style=\"background-image:url('https:\/\/anecoop.com\/wp-content\/uploads\/2025\/09\/HOME-LOGO-BOUQUET-STARS.svg');\"><\/div>\r\n                                                                    <\/a>\r\n                            \r\n                        <\/div>\r\n                                            <div class=\"tarjeta swiper-slide\">\r\n                                                                                        <a href=\"https:\/\/ysibouquet.com\/fr\/\"\r\n                                   target=\"_blank\"\r\n                                   title=\"\u00bfYsi?\">\r\n                                                                            <div class=\"logo\" style=\"background-image:url('https:\/\/anecoop.com\/wp-content\/uploads\/2025\/09\/Logo-Ysi.jpg');\"><\/div>\r\n                                                                    <\/a>\r\n                            \r\n                        <\/div>\r\n                                            <div class=\"tarjeta swiper-slide\">\r\n                                                                                        <a href=\"https:\/\/observatorio-sostenibilidad.anecoop.com\/fr\/\"\r\n                                   target=\"_blank\"\r\n                                   title=\"Observatorio de sostenibilidad\">\r\n                                                                            <div class=\"logo\" style=\"background-image:url('https:\/\/anecoop.com\/wp-content\/uploads\/2025\/09\/Logo-observatorio-anecoop-color-scaled.png');\"><\/div>\r\n                                                                    <\/a>\r\n                            \r\n                        <\/div>\r\n                                    <\/div>\r\n            <\/div>\r\n        <\/div>\r\n\r\n    <\/div>\r\n\r\n<\/article>\r\n\n\n<article id=\"M04-Siguenos-block_7bb637e8c1bbb572ea299fb58df024de\" class=\"M04-Siguenos follow-section css-bg\">\r\n\r\n            <div class=\"oval left\"><\/div>\r\n        <div class=\"oval right\"><\/div>\r\n        <div class=\"oval bottom\"><\/div>\r\n         <div class=\"container content\">\r\n         <div class=\"row\">\r\n             <div class=\"col-12\">\r\n                                      <div class=\"titulo\" data-aos=\"fade-in\" data-aos-duration=\"1000\"><h2>Nous suivre<\/h2>\n<\/div>\r\n                 \r\n                 <div class=\"redes-sociales\" data-aos=\"fade-in\" data-aos-duration=\"1000\">\r\n                                                                           <a href=\"https:\/\/www.instagram.com\/anecoop_scoop?igsh=bG15bjNodWVoMGVl\" target=\"_blank\" class=\"red-social rs0\" title=\"Instagram\">\r\n                                 <img decoding=\"async\" src=\"https:\/\/anecoop.com\/wp-content\/uploads\/2025\/09\/logo-IG-Anecoop.svg\" alt=\"Instagram\" \/>\r\n                             <\/a>\r\n                                                                                                    <a href=\"https:\/\/www.youtube.com\/@GrupoAnecoop\" target=\"_blank\" class=\"red-social rs1\" title=\"Youtube\">\r\n                                 <img decoding=\"async\" src=\"https:\/\/anecoop.com\/wp-content\/uploads\/2025\/09\/HOME-ICONO-YOUTUBE.svg\" alt=\"Youtube\" \/>\r\n                             <\/a>\r\n                                                                                                    <a href=\"http:\/\/linkedin.com\/company\/anecoop?originalSubdomain=es\" target=\"_blank\" class=\"red-social rs2\" title=\"Linkedin\">\r\n                                 <img decoding=\"async\" src=\"https:\/\/anecoop.com\/wp-content\/uploads\/2025\/09\/HOME-ICONO-IN.svg\" alt=\"Linkedin\" \/>\r\n                             <\/a>\r\n                                                                                                    <a href=\"https:\/\/x.com\/bouquet_es\" target=\"_blank\" class=\"red-social rs3\" title=\"x\">\r\n                                 <img decoding=\"async\" src=\"https:\/\/anecoop.com\/wp-content\/uploads\/2025\/09\/HOME-ICONO-X.svg\" alt=\"x\" \/>\r\n                             <\/a>\r\n                                                                                                    <a href=\"https:\/\/www.instagram.com\/bouquet_ysi\/\" target=\"_blank\" class=\"red-social rs4\" title=\"4 FRUIT COMPANY BV\">\r\n                                 <img decoding=\"async\" src=\"https:\/\/anecoop.com\/wp-content\/uploads\/2025\/09\/logo-IG-Bouquet.svg\" alt=\"4 FRUIT COMPANY BV\" \/>\r\n                             <\/a>\r\n                                                                                                    <a href=\"https:\/\/www.facebook.com\/bouquetcultivamosfuturo\/\" target=\"_blank\" class=\"red-social rs5\" title=\"4 FRUIT COMPANY BV\">\r\n                                 <img decoding=\"async\" src=\"https:\/\/anecoop.com\/wp-content\/uploads\/2025\/09\/logo-FB-Bouquet.svg\" alt=\"4 FRUIT COMPANY BV\" \/>\r\n                             <\/a>\r\n                                                                                                    <a href=\"https:\/\/www.facebook.com\/bouquetcultivamosfuturo\/\" target=\"_blank\" class=\"red-social rs6\" title=\"facebook\">\r\n                                 <img decoding=\"async\" src=\"https:\/\/anecoop.com\/wp-content\/uploads\/2025\/09\/logo-FB-Anecoop.svg\" alt=\"facebook\" \/>\r\n                             <\/a>\r\n                                                               <\/div>\r\n\r\n                              <\/div>\r\n         <\/div>\r\n    <\/div>\r\n<\/article>\r\n","protected":false},"excerpt":{"rendered":"","protected":false},"author":2,"featured_media":0,"parent":0,"menu_order":0,"comment_status":"closed","ping_status":"closed","template":"","meta":{"_acf_changed":false,"footnotes":""},"class_list":["post-3359","page","type-page","status-publish","hentry"],"acf":[],"yoast_head":"<!-- This site is optimized with the Yoast SEO plugin v27.3 - https:\/\/yoast.com\/product\/yoast-seo-wordpress\/ -->\n<title>Accueil - Anecoop<\/title>\n<meta name=\"description\" content=\"Somos Anecoop\" \/>\n<meta name=\"robots\" content=\"index, follow, max-snippet:-1, max-image-preview:large, max-video-preview:-1\" \/>\n<link rel=\"canonical\" href=\"https:\/\/anecoop.com\/fr\/\" \/>\n<meta property=\"og:locale\" content=\"fr_FR\" \/>\n<meta property=\"og:type\" content=\"article\" \/>\n<meta property=\"og:title\" content=\"Accueil - Anecoop\" \/>\n<meta property=\"og:description\" content=\"Somos Anecoop\" \/>\n<meta property=\"og:url\" content=\"https:\/\/anecoop.com\/fr\/\" \/>\n<meta property=\"og:site_name\" content=\"Anecoop\" \/>\n<meta property=\"article:modified_time\" content=\"2026-03-25T14:06:37+00:00\" \/>\n<meta name=\"twitter:card\" content=\"summary_large_image\" \/>\n<script type=\"application\/ld+json\" class=\"yoast-schema-graph\">{\"@context\":\"https:\\\/\\\/schema.org\",\"@graph\":[{\"@type\":\"WebPage\",\"@id\":\"https:\\\/\\\/anecoop.com\\\/fr\\\/\",\"url\":\"https:\\\/\\\/anecoop.com\\\/fr\\\/\",\"name\":\"Accueil - Anecoop\",\"isPartOf\":{\"@id\":\"https:\\\/\\\/anecoop.com\\\/fr\\\/#website\"},\"datePublished\":\"2024-06-10T11:45:07+00:00\",\"dateModified\":\"2026-03-25T14:06:37+00:00\",\"description\":\"Somos Anecoop\",\"breadcrumb\":{\"@id\":\"https:\\\/\\\/anecoop.com\\\/fr\\\/#breadcrumb\"},\"inLanguage\":\"fr-FR\",\"potentialAction\":[{\"@type\":\"ReadAction\",\"target\":[\"https:\\\/\\\/anecoop.com\\\/fr\\\/\"]}]},{\"@type\":\"BreadcrumbList\",\"@id\":\"https:\\\/\\\/anecoop.com\\\/fr\\\/#breadcrumb\",\"itemListElement\":[{\"@type\":\"ListItem\",\"position\":1,\"name\":\"Portada\",\"item\":\"https:\\\/\\\/anecoop.com\\\/fr\\\/\"},{\"@type\":\"ListItem\",\"position\":2,\"name\":\"Accueil\"}]},{\"@type\":\"WebSite\",\"@id\":\"https:\\\/\\\/anecoop.com\\\/fr\\\/#website\",\"url\":\"https:\\\/\\\/anecoop.com\\\/fr\\\/\",\"name\":\"Anecoop\",\"description\":\"Anecoop, la primera empresa hortofrut\u00edcola del mediterr\u00e1neo\",\"publisher\":{\"@id\":\"https:\\\/\\\/anecoop.com\\\/fr\\\/#organization\"},\"potentialAction\":[{\"@type\":\"SearchAction\",\"target\":{\"@type\":\"EntryPoint\",\"urlTemplate\":\"https:\\\/\\\/anecoop.com\\\/fr\\\/?s={search_term_string}\"},\"query-input\":{\"@type\":\"PropertyValueSpecification\",\"valueRequired\":true,\"valueName\":\"search_term_string\"}}],\"inLanguage\":\"fr-FR\"},{\"@type\":\"Organization\",\"@id\":\"https:\\\/\\\/anecoop.com\\\/fr\\\/#organization\",\"name\":\"Anecoop\",\"url\":\"https:\\\/\\\/anecoop.com\\\/fr\\\/\",\"logo\":{\"@type\":\"ImageObject\",\"inLanguage\":\"fr-FR\",\"@id\":\"https:\\\/\\\/anecoop.com\\\/fr\\\/#\\\/schema\\\/logo\\\/image\\\/\",\"url\":\"https:\\\/\\\/anecoop.com\\\/wp-content\\\/uploads\\\/2026\\\/03\\\/HOME-LOGO-DORADO-CENTRAL.webp\",\"contentUrl\":\"https:\\\/\\\/anecoop.com\\\/wp-content\\\/uploads\\\/2026\\\/03\\\/HOME-LOGO-DORADO-CENTRAL.webp\",\"width\":342,\"height\":304,\"caption\":\"Anecoop\"},\"image\":{\"@id\":\"https:\\\/\\\/anecoop.com\\\/fr\\\/#\\\/schema\\\/logo\\\/image\\\/\"}}]}<\/script>\n<!-- \/ Yoast SEO plugin. -->","yoast_head_json":{"title":"Accueil - Anecoop","description":"Somos Anecoop","robots":{"index":"index","follow":"follow","max-snippet":"max-snippet:-1","max-image-preview":"max-image-preview:large","max-video-preview":"max-video-preview:-1"},"canonical":"https:\/\/anecoop.com\/fr\/","og_locale":"fr_FR","og_type":"article","og_title":"Accueil - Anecoop","og_description":"Somos Anecoop","og_url":"https:\/\/anecoop.com\/fr\/","og_site_name":"Anecoop","article_modified_time":"2026-03-25T14:06:37+00:00","twitter_card":"summary_large_image","schema":{"@context":"https:\/\/schema.org","@graph":[{"@type":"WebPage","@id":"https:\/\/anecoop.com\/fr\/","url":"https:\/\/anecoop.com\/fr\/","name":"Accueil - Anecoop","isPartOf":{"@id":"https:\/\/anecoop.com\/fr\/#website"},"datePublished":"2024-06-10T11:45:07+00:00","dateModified":"2026-03-25T14:06:37+00:00","description":"Somos Anecoop","breadcrumb":{"@id":"https:\/\/anecoop.com\/fr\/#breadcrumb"},"inLanguage":"fr-FR","potentialAction":[{"@type":"ReadAction","target":["https:\/\/anecoop.com\/fr\/"]}]},{"@type":"BreadcrumbList","@id":"https:\/\/anecoop.com\/fr\/#breadcrumb","itemListElement":[{"@type":"ListItem","position":1,"name":"Portada","item":"https:\/\/anecoop.com\/fr\/"},{"@type":"ListItem","position":2,"name":"Accueil"}]},{"@type":"WebSite","@id":"https:\/\/anecoop.com\/fr\/#website","url":"https:\/\/anecoop.com\/fr\/","name":"Anecoop","description":"Anecoop, la primera empresa hortofrut\u00edcola del mediterr\u00e1neo","publisher":{"@id":"https:\/\/anecoop.com\/fr\/#organization"},"potentialAction":[{"@type":"SearchAction","target":{"@type":"EntryPoint","urlTemplate":"https:\/\/anecoop.com\/fr\/?s={search_term_string}"},"query-input":{"@type":"PropertyValueSpecification","valueRequired":true,"valueName":"search_term_string"}}],"inLanguage":"fr-FR"},{"@type":"Organization","@id":"https:\/\/anecoop.com\/fr\/#organization","name":"Anecoop","url":"https:\/\/anecoop.com\/fr\/","logo":{"@type":"ImageObject","inLanguage":"fr-FR","@id":"https:\/\/anecoop.com\/fr\/#\/schema\/logo\/image\/","url":"https:\/\/anecoop.com\/wp-content\/uploads\/2026\/03\/HOME-LOGO-DORADO-CENTRAL.webp","contentUrl":"https:\/\/anecoop.com\/wp-content\/uploads\/2026\/03\/HOME-LOGO-DORADO-CENTRAL.webp","width":342,"height":304,"caption":"Anecoop"},"image":{"@id":"https:\/\/anecoop.com\/fr\/#\/schema\/logo\/image\/"}}]}},"_links":{"self":[{"href":"https:\/\/anecoop.com\/fr\/wp-json\/wp\/v2\/pages\/3359","targetHints":{"allow":["GET"]}}],"collection":[{"href":"https:\/\/anecoop.com\/fr\/wp-json\/wp\/v2\/pages"}],"about":[{"href":"https:\/\/anecoop.com\/fr\/wp-json\/wp\/v2\/types\/page"}],"author":[{"embeddable":true,"href":"https:\/\/anecoop.com\/fr\/wp-json\/wp\/v2\/users\/2"}],"replies":[{"embeddable":true,"href":"https:\/\/anecoop.com\/fr\/wp-json\/wp\/v2\/comments?post=3359"}],"version-history":[{"count":0,"href":"https:\/\/anecoop.com\/fr\/wp-json\/wp\/v2\/pages\/3359\/revisions"}],"wp:attachment":[{"href":"https:\/\/anecoop.com\/fr\/wp-json\/wp\/v2\/media?parent=3359"}],"curies":[{"name":"wp","href":"https:\/\/api.w.org\/{rel}","templated":true}]}}