{"id":3376,"date":"2025-09-09T10:34:42","date_gmt":"2025-09-09T08:34:42","guid":{"rendered":"https:\/\/anecoop.com\/sin-resultados\/"},"modified":"2025-09-24T14:25:37","modified_gmt":"2025-09-24T12:25:37","slug":"sin-resultados","status":"publish","type":"page","link":"https:\/\/anecoop.com\/fr\/sin-resultados\/","title":{"rendered":"Sin resultados"},"content":{"rendered":"\n<h2 class=\"wp-block-heading\">\u00a1Vaya!<br>Esta fruta no est\u00e1 en temporada&#8230;<\/h2>\n\n\n\n<figure class=\"wp-block-image size-large\"><img loading=\"lazy\" decoding=\"async\" width=\"368\" height=\"297\" src=\"https:\/\/anecoop.com\/wp-content\/uploads\/2025\/09\/ILUSTRACION-ERROR-404.svg\" alt=\"\" class=\"wp-image-4146\"\/><\/figure>\n\n\n\n<p>La p\u00e1gina que buscas no est\u00e1 disponible.<br>Tal vez no es la temporada de su cosecha<br>\u00bfVolvemos al huerto principal?<\/p>\n\n\n\n<div class=\"wp-block-buttons is-layout-flex wp-block-buttons-is-layout-flex\">\n<div class=\"wp-block-button\"><a class=\"wp-block-button__link wp-element-button\" href=\"https:\/\/anecoop.com\/fr\/\">Volver a Inicio<\/a><\/div>\n<\/div>\n\n\n\n<p><\/p>\n","protected":false},"excerpt":{"rendered":"<p>\u00a1Vaya!Esta fruta no est\u00e1 en temporada&#8230; La p\u00e1gina que buscas no est\u00e1 disponible.Tal vez no es la temporada de su cosecha\u00bfVolvemos al huerto principal?<\/p>\n","protected":false},"author":2,"featured_media":0,"parent":0,"menu_order":0,"comment_status":"closed","ping_status":"closed","template":"page-templates\/template-404.php","meta":{"_acf_changed":false,"footnotes":""},"class_list":["post-3376","page","type-page","status-publish","hentry"],"acf":[],"yoast_head":"<!-- This site is optimized with the Yoast SEO plugin v27.3 - https:\/\/yoast.com\/product\/yoast-seo-wordpress\/ -->\n<title>Sin resultados - Anecoop<\/title>\n<meta name=\"robots\" content=\"index, follow, max-snippet:-1, max-image-preview:large, max-video-preview:-1\" \/>\n<link rel=\"canonical\" href=\"https:\/\/anecoop.com\/fr\/sin-resultados\/\" \/>\n<meta property=\"og:locale\" content=\"fr_FR\" \/>\n<meta property=\"og:type\" content=\"article\" \/>\n<meta property=\"og:title\" content=\"Sin resultados - Anecoop\" \/>\n<meta property=\"og:description\" content=\"\u00a1Vaya!Esta fruta no est\u00e1 en temporada&#8230; La p\u00e1gina que buscas no est\u00e1 disponible.Tal vez no es la temporada de su cosecha\u00bfVolvemos al huerto principal?\" \/>\n<meta property=\"og:url\" content=\"https:\/\/anecoop.com\/fr\/sin-resultados\/\" \/>\n<meta property=\"og:site_name\" content=\"Anecoop\" \/>\n<meta property=\"article:modified_time\" content=\"2025-09-24T12:25:37+00:00\" \/>\n<meta property=\"og:image\" content=\"https:\/\/anecoop.com\/wp-content\/uploads\/2025\/09\/ILUSTRACION-ERROR-404.svg\" \/>\n<meta name=\"twitter:card\" content=\"summary_large_image\" \/>\n<script type=\"application\/ld+json\" class=\"yoast-schema-graph\">{\"@context\":\"https:\\\/\\\/schema.org\",\"@graph\":[{\"@type\":\"WebPage\",\"@id\":\"https:\\\/\\\/anecoop.com\\\/fr\\\/sin-resultados\\\/\",\"url\":\"https:\\\/\\\/anecoop.com\\\/fr\\\/sin-resultados\\\/\",\"name\":\"Sin resultados - Anecoop\",\"isPartOf\":{\"@id\":\"https:\\\/\\\/anecoop.com\\\/fr\\\/#website\"},\"primaryImageOfPage\":{\"@id\":\"https:\\\/\\\/anecoop.com\\\/fr\\\/sin-resultados\\\/#primaryimage\"},\"image\":{\"@id\":\"https:\\\/\\\/anecoop.com\\\/fr\\\/sin-resultados\\\/#primaryimage\"},\"thumbnailUrl\":\"https:\\\/\\\/anecoop.com\\\/wp-content\\\/uploads\\\/2025\\\/09\\\/ILUSTRACION-ERROR-404.svg\",\"datePublished\":\"2025-09-09T08:34:42+00:00\",\"dateModified\":\"2025-09-24T12:25:37+00:00\",\"breadcrumb\":{\"@id\":\"https:\\\/\\\/anecoop.com\\\/fr\\\/sin-resultados\\\/#breadcrumb\"},\"inLanguage\":\"fr-FR\",\"potentialAction\":[{\"@type\":\"ReadAction\",\"target\":[\"https:\\\/\\\/anecoop.com\\\/fr\\\/sin-resultados\\\/\"]}]},{\"@type\":\"ImageObject\",\"inLanguage\":\"fr-FR\",\"@id\":\"https:\\\/\\\/anecoop.com\\\/fr\\\/sin-resultados\\\/#primaryimage\",\"url\":\"https:\\\/\\\/anecoop.com\\\/wp-content\\\/uploads\\\/2025\\\/09\\\/ILUSTRACION-ERROR-404.svg\",\"contentUrl\":\"https:\\\/\\\/anecoop.com\\\/wp-content\\\/uploads\\\/2025\\\/09\\\/ILUSTRACION-ERROR-404.svg\"},{\"@type\":\"BreadcrumbList\",\"@id\":\"https:\\\/\\\/anecoop.com\\\/fr\\\/sin-resultados\\\/#breadcrumb\",\"itemListElement\":[{\"@type\":\"ListItem\",\"position\":1,\"name\":\"Portada\",\"item\":\"https:\\\/\\\/anecoop.com\\\/fr\\\/\"},{\"@type\":\"ListItem\",\"position\":2,\"name\":\"Sin resultados\"}]},{\"@type\":\"WebSite\",\"@id\":\"https:\\\/\\\/anecoop.com\\\/fr\\\/#website\",\"url\":\"https:\\\/\\\/anecoop.com\\\/fr\\\/\",\"name\":\"Anecoop\",\"description\":\"Anecoop, la primera empresa hortofrut\u00edcola del mediterr\u00e1neo\",\"publisher\":{\"@id\":\"https:\\\/\\\/anecoop.com\\\/fr\\\/#organization\"},\"potentialAction\":[{\"@type\":\"SearchAction\",\"target\":{\"@type\":\"EntryPoint\",\"urlTemplate\":\"https:\\\/\\\/anecoop.com\\\/fr\\\/?s={search_term_string}\"},\"query-input\":{\"@type\":\"PropertyValueSpecification\",\"valueRequired\":true,\"valueName\":\"search_term_string\"}}],\"inLanguage\":\"fr-FR\"},{\"@type\":\"Organization\",\"@id\":\"https:\\\/\\\/anecoop.com\\\/fr\\\/#organization\",\"name\":\"Anecoop\",\"url\":\"https:\\\/\\\/anecoop.com\\\/fr\\\/\",\"logo\":{\"@type\":\"ImageObject\",\"inLanguage\":\"fr-FR\",\"@id\":\"https:\\\/\\\/anecoop.com\\\/fr\\\/#\\\/schema\\\/logo\\\/image\\\/\",\"url\":\"https:\\\/\\\/anecoop.com\\\/wp-content\\\/uploads\\\/2026\\\/03\\\/HOME-LOGO-DORADO-CENTRAL.webp\",\"contentUrl\":\"https:\\\/\\\/anecoop.com\\\/wp-content\\\/uploads\\\/2026\\\/03\\\/HOME-LOGO-DORADO-CENTRAL.webp\",\"width\":342,\"height\":304,\"caption\":\"Anecoop\"},\"image\":{\"@id\":\"https:\\\/\\\/anecoop.com\\\/fr\\\/#\\\/schema\\\/logo\\\/image\\\/\"}}]}<\/script>\n<!-- \/ Yoast SEO plugin. -->","yoast_head_json":{"title":"Sin resultados - Anecoop","robots":{"index":"index","follow":"follow","max-snippet":"max-snippet:-1","max-image-preview":"max-image-preview:large","max-video-preview":"max-video-preview:-1"},"canonical":"https:\/\/anecoop.com\/fr\/sin-resultados\/","og_locale":"fr_FR","og_type":"article","og_title":"Sin resultados - Anecoop","og_description":"\u00a1Vaya!Esta fruta no est\u00e1 en temporada&#8230; La p\u00e1gina que buscas no est\u00e1 disponible.Tal vez no es la temporada de su cosecha\u00bfVolvemos al huerto principal?","og_url":"https:\/\/anecoop.com\/fr\/sin-resultados\/","og_site_name":"Anecoop","article_modified_time":"2025-09-24T12:25:37+00:00","og_image":[{"url":"https:\/\/anecoop.com\/wp-content\/uploads\/2025\/09\/ILUSTRACION-ERROR-404.svg","type":"","width":"","height":""}],"twitter_card":"summary_large_image","schema":{"@context":"https:\/\/schema.org","@graph":[{"@type":"WebPage","@id":"https:\/\/anecoop.com\/fr\/sin-resultados\/","url":"https:\/\/anecoop.com\/fr\/sin-resultados\/","name":"Sin resultados - Anecoop","isPartOf":{"@id":"https:\/\/anecoop.com\/fr\/#website"},"primaryImageOfPage":{"@id":"https:\/\/anecoop.com\/fr\/sin-resultados\/#primaryimage"},"image":{"@id":"https:\/\/anecoop.com\/fr\/sin-resultados\/#primaryimage"},"thumbnailUrl":"https:\/\/anecoop.com\/wp-content\/uploads\/2025\/09\/ILUSTRACION-ERROR-404.svg","datePublished":"2025-09-09T08:34:42+00:00","dateModified":"2025-09-24T12:25:37+00:00","breadcrumb":{"@id":"https:\/\/anecoop.com\/fr\/sin-resultados\/#breadcrumb"},"inLanguage":"fr-FR","potentialAction":[{"@type":"ReadAction","target":["https:\/\/anecoop.com\/fr\/sin-resultados\/"]}]},{"@type":"ImageObject","inLanguage":"fr-FR","@id":"https:\/\/anecoop.com\/fr\/sin-resultados\/#primaryimage","url":"https:\/\/anecoop.com\/wp-content\/uploads\/2025\/09\/ILUSTRACION-ERROR-404.svg","contentUrl":"https:\/\/anecoop.com\/wp-content\/uploads\/2025\/09\/ILUSTRACION-ERROR-404.svg"},{"@type":"BreadcrumbList","@id":"https:\/\/anecoop.com\/fr\/sin-resultados\/#breadcrumb","itemListElement":[{"@type":"ListItem","position":1,"name":"Portada","item":"https:\/\/anecoop.com\/fr\/"},{"@type":"ListItem","position":2,"name":"Sin resultados"}]},{"@type":"WebSite","@id":"https:\/\/anecoop.com\/fr\/#website","url":"https:\/\/anecoop.com\/fr\/","name":"Anecoop","description":"Anecoop, la primera empresa hortofrut\u00edcola del mediterr\u00e1neo","publisher":{"@id":"https:\/\/anecoop.com\/fr\/#organization"},"potentialAction":[{"@type":"SearchAction","target":{"@type":"EntryPoint","urlTemplate":"https:\/\/anecoop.com\/fr\/?s={search_term_string}"},"query-input":{"@type":"PropertyValueSpecification","valueRequired":true,"valueName":"search_term_string"}}],"inLanguage":"fr-FR"},{"@type":"Organization","@id":"https:\/\/anecoop.com\/fr\/#organization","name":"Anecoop","url":"https:\/\/anecoop.com\/fr\/","logo":{"@type":"ImageObject","inLanguage":"fr-FR","@id":"https:\/\/anecoop.com\/fr\/#\/schema\/logo\/image\/","url":"https:\/\/anecoop.com\/wp-content\/uploads\/2026\/03\/HOME-LOGO-DORADO-CENTRAL.webp","contentUrl":"https:\/\/anecoop.com\/wp-content\/uploads\/2026\/03\/HOME-LOGO-DORADO-CENTRAL.webp","width":342,"height":304,"caption":"Anecoop"},"image":{"@id":"https:\/\/anecoop.com\/fr\/#\/schema\/logo\/image\/"}}]}},"_links":{"self":[{"href":"https:\/\/anecoop.com\/fr\/wp-json\/wp\/v2\/pages\/3376","targetHints":{"allow":["GET"]}}],"collection":[{"href":"https:\/\/anecoop.com\/fr\/wp-json\/wp\/v2\/pages"}],"about":[{"href":"https:\/\/anecoop.com\/fr\/wp-json\/wp\/v2\/types\/page"}],"author":[{"embeddable":true,"href":"https:\/\/anecoop.com\/fr\/wp-json\/wp\/v2\/users\/2"}],"replies":[{"embeddable":true,"href":"https:\/\/anecoop.com\/fr\/wp-json\/wp\/v2\/comments?post=3376"}],"version-history":[{"count":0,"href":"https:\/\/anecoop.com\/fr\/wp-json\/wp\/v2\/pages\/3376\/revisions"}],"wp:attachment":[{"href":"https:\/\/anecoop.com\/fr\/wp-json\/wp\/v2\/media?parent=3376"}],"curies":[{"name":"wp","href":"https:\/\/api.w.org\/{rel}","templated":true}]}}